{"id":3843,"date":"2022-01-31T08:46:52","date_gmt":"2022-01-31T08:46:52","guid":{"rendered":"https:\/\/www.sensei.es\/web\/?page_id=3843"},"modified":"2024-02-07T09:51:21","modified_gmt":"2024-02-07T09:51:21","slug":"actualidad","status":"publish","type":"page","link":"https:\/\/www.sensei.es\/web\/actualidad\/","title":{"rendered":"Actualidad"},"content":{"rendered":"\t\t<div data-elementor-type=\"wp-page\" data-elementor-id=\"3843\" class=\"elementor elementor-3843\" data-elementor-post-type=\"page\">\n\t\t\t\t\t\t<section class=\"elementor-section elementor-top-section elementor-element elementor-element-3a9c8a4 elementor-section-content-middle elementor-section-height-min-height elementor-section-boxed elementor-section-height-default elementor-section-items-middle\" data-id=\"3a9c8a4\" data-element_type=\"section\" data-settings=\"{&quot;background_background&quot;:&quot;classic&quot;}\">\n\t\t\t\t\t\t<div class=\"elementor-container elementor-column-gap-default\">\n\t\t\t\t\t<div class=\"elementor-column elementor-col-100 elementor-top-column elementor-element elementor-element-5ab4bd74\" data-id=\"5ab4bd74\" data-element_type=\"column\">\n\t\t\t<div class=\"elementor-widget-wrap elementor-element-populated\">\n\t\t\t\t\t\t<div class=\"elementor-element elementor-element-60f25c8e elementor-widget elementor-widget-heading\" data-id=\"60f25c8e\" data-element_type=\"widget\" data-widget_type=\"heading.default\">\n\t\t\t\t<div class=\"elementor-widget-container\">\n\t\t\t<style>\/*! elementor - v3.19.0 - 05-02-2024 *\/\n.elementor-heading-title{padding:0;margin:0;line-height:1}.elementor-widget-heading .elementor-heading-title[class*=elementor-size-]>a{color:inherit;font-size:inherit;line-height:inherit}.elementor-widget-heading .elementor-heading-title.elementor-size-small{font-size:15px}.elementor-widget-heading .elementor-heading-title.elementor-size-medium{font-size:19px}.elementor-widget-heading .elementor-heading-title.elementor-size-large{font-size:29px}.elementor-widget-heading .elementor-heading-title.elementor-size-xl{font-size:39px}.elementor-widget-heading .elementor-heading-title.elementor-size-xxl{font-size:59px}<\/style><h1 class=\"elementor-heading-title elementor-size-default\">Actualidad Sensei<\/h1>\t\t<\/div>\n\t\t\t\t<\/div>\n\t\t\t\t<div class=\"elementor-element elementor-element-711123dd elementor-widget elementor-widget-text-editor\" data-id=\"711123dd\" data-element_type=\"widget\" data-widget_type=\"text-editor.default\">\n\t\t\t\t<div class=\"elementor-widget-container\">\n\t\t\t<style>\/*! elementor - v3.19.0 - 05-02-2024 *\/\n.elementor-widget-text-editor.elementor-drop-cap-view-stacked .elementor-drop-cap{background-color:#69727d;color:#fff}.elementor-widget-text-editor.elementor-drop-cap-view-framed .elementor-drop-cap{color:#69727d;border:3px solid;background-color:transparent}.elementor-widget-text-editor:not(.elementor-drop-cap-view-default) .elementor-drop-cap{margin-top:8px}.elementor-widget-text-editor:not(.elementor-drop-cap-view-default) .elementor-drop-cap-letter{width:1em;height:1em}.elementor-widget-text-editor .elementor-drop-cap{float:left;text-align:center;line-height:1;font-size:50px}.elementor-widget-text-editor .elementor-drop-cap-letter{display:inline-block}<\/style>\t\t\t\t<h2>La informaci\u00f3n que necesita tu empresa para ser m\u00e1s eficiente y competitiva<\/h2>\t\t\t\t\t\t<\/div>\n\t\t\t\t<\/div>\n\t\t\t\t\t<\/div>\n\t\t<\/div>\n\t\t\t\t\t<\/div>\n\t\t<\/section>\n\t\t\t\t<section class=\"elementor-section elementor-top-section elementor-element elementor-element-6786c2ad elementor-section-boxed elementor-section-height-default elementor-section-height-default\" data-id=\"6786c2ad\" data-element_type=\"section\" data-settings=\"{&quot;background_background&quot;:&quot;classic&quot;}\">\n\t\t\t\t\t\t<div class=\"elementor-container elementor-column-gap-default\">\n\t\t\t\t\t<div class=\"elementor-column elementor-col-50 elementor-top-column elementor-element elementor-element-7a88e84e\" data-id=\"7a88e84e\" data-element_type=\"column\">\n\t\t\t<div class=\"elementor-widget-wrap elementor-element-populated\">\n\t\t\t\t\t\t<div class=\"elementor-element elementor-element-5ba9b97 elementor-grid-1 elementor-grid-tablet-2 elementor-grid-mobile-1 elementor-posts--thumbnail-top elementor-widget elementor-widget-posts\" data-id=\"5ba9b97\" data-element_type=\"widget\" data-settings=\"{&quot;classic_columns&quot;:&quot;1&quot;,&quot;classic_columns_tablet&quot;:&quot;2&quot;,&quot;classic_columns_mobile&quot;:&quot;1&quot;,&quot;classic_row_gap&quot;:{&quot;unit&quot;:&quot;px&quot;,&quot;size&quot;:35,&quot;sizes&quot;:[]},&quot;classic_row_gap_tablet&quot;:{&quot;unit&quot;:&quot;px&quot;,&quot;size&quot;:&quot;&quot;,&quot;sizes&quot;:[]},&quot;classic_row_gap_mobile&quot;:{&quot;unit&quot;:&quot;px&quot;,&quot;size&quot;:&quot;&quot;,&quot;sizes&quot;:[]}}\" data-widget_type=\"posts.classic\">\n\t\t\t\t<div class=\"elementor-widget-container\">\n\t\t\t<link rel=\"stylesheet\" href=\"https:\/\/www.sensei.es\/web\/wp-content\/plugins\/elementor-pro\/assets\/css\/widget-posts.min.css\">\t\t<div class=\"elementor-posts-container elementor-posts elementor-posts--skin-classic elementor-grid\">\n\t\t\t\t<article class=\"elementor-post elementor-grid-item post-4394 post type-post status-publish format-standard has-post-thumbnail hentry category-actualidad\">\n\t\t\t\t<a class=\"elementor-post__thumbnail__link\" href=\"https:\/\/www.sensei.es\/web\/actualidad\/como-elegir-el-erp-ideal\/\" tabindex=\"-1\">\n\t\t\t<div class=\"elementor-post__thumbnail\"><img fetchpriority=\"high\" decoding=\"async\" width=\"600\" height=\"600\" src=\"https:\/\/www.sensei.es\/web\/wp-content\/uploads\/2022\/02\/Como-elegir-el-ERP-ideal-para-tu-empresa-featured.png\" class=\"attachment-medium_large size-medium_large wp-image-4405\" alt=\"C\u00f3mo elegir el ERP ideal para tu empresa featured\" srcset=\"https:\/\/www.sensei.es\/web\/wp-content\/uploads\/2022\/02\/Como-elegir-el-ERP-ideal-para-tu-empresa-featured.png 600w, https:\/\/www.sensei.es\/web\/wp-content\/uploads\/2022\/02\/Como-elegir-el-ERP-ideal-para-tu-empresa-featured-300x300.png 300w, https:\/\/www.sensei.es\/web\/wp-content\/uploads\/2022\/02\/Como-elegir-el-ERP-ideal-para-tu-empresa-featured-150x150.png 150w\" sizes=\"(max-width: 600px) 100vw, 600px\" \/><\/div>\n\t\t<\/a>\n\t\t\t\t<div class=\"elementor-post__text\">\n\t\t\t\t<h3 class=\"elementor-post__title\">\n\t\t\t<a href=\"https:\/\/www.sensei.es\/web\/actualidad\/como-elegir-el-erp-ideal\/\">\n\t\t\t\tC\u00f3mo elegir el ERP ideal para tu empresa\t\t\t<\/a>\n\t\t<\/h3>\n\t\t\t\t<div class=\"elementor-post__excerpt\">\n\t\t\t<p>C\u00f3mo elegir el ERP ideal para tu empresa Uno de los problemas que solemos tener en nuestra empresa, sobre todo cuando crece, es como aprender<\/p>\n\t\t<\/div>\n\t\t\t\t<\/div>\n\t\t\t\t<\/article>\n\t\t\t\t<\/div>\n\t\t\n\t\t\t\t<\/div>\n\t\t\t\t<\/div>\n\t\t\t\t\t<\/div>\n\t\t<\/div>\n\t\t\t\t<div class=\"elementor-column elementor-col-50 elementor-top-column elementor-element elementor-element-6ef0bb1d\" data-id=\"6ef0bb1d\" data-element_type=\"column\">\n\t\t\t<div class=\"elementor-widget-wrap elementor-element-populated\">\n\t\t\t\t\t\t<div class=\"elementor-element elementor-element-6afb6192 elementor-search-form--skin-minimal elementor-widget elementor-widget-search-form\" data-id=\"6afb6192\" data-element_type=\"widget\" data-settings=\"{&quot;skin&quot;:&quot;minimal&quot;}\" data-widget_type=\"search-form.default\">\n\t\t\t\t<div class=\"elementor-widget-container\">\n\t\t\t<link rel=\"stylesheet\" href=\"https:\/\/www.sensei.es\/web\/wp-content\/plugins\/elementor-pro\/assets\/css\/widget-theme-elements.min.css\">\t\t<search role=\"search\">\n\t\t\t<form class=\"elementor-search-form\" action=\"https:\/\/www.sensei.es\/web\" method=\"get\">\n\t\t\t\t\t\t\t\t\t\t\t\t<div class=\"elementor-search-form__container\">\n\t\t\t\t\t<label class=\"elementor-screen-only\" for=\"elementor-search-form-6afb6192\">Buscar<\/label>\n\n\t\t\t\t\t\t\t\t\t\t\t<div class=\"elementor-search-form__icon\">\n\t\t\t\t\t\t\t<i aria-hidden=\"true\" class=\"fas fa-search\"><\/i>\t\t\t\t\t\t\t<span class=\"elementor-screen-only\">Buscar<\/span>\n\t\t\t\t\t\t<\/div>\n\t\t\t\t\t\n\t\t\t\t\t<input id=\"elementor-search-form-6afb6192\" placeholder=\"Buscar...\" class=\"elementor-search-form__input\" type=\"search\" name=\"s\" value=\"\">\n\t\t\t\t\t\n\t\t\t\t\t\n\t\t\t\t\t\t\t\t\t<\/div>\n\t\t\t<\/form>\n\t\t<\/search>\n\t\t\t\t<\/div>\n\t\t\t\t<\/div>\n\t\t\t\t<div class=\"elementor-element elementor-element-40ef6d8 elementor-widget elementor-widget-image\" data-id=\"40ef6d8\" data-element_type=\"widget\" data-widget_type=\"image.default\">\n\t\t\t\t<div class=\"elementor-widget-container\">\n\t\t\t<style>\/*! elementor - v3.19.0 - 05-02-2024 *\/\n.elementor-widget-image{text-align:center}.elementor-widget-image a{display:inline-block}.elementor-widget-image a img[src$=\".svg\"]{width:48px}.elementor-widget-image img{vertical-align:middle;display:inline-block}<\/style>\t\t\t\t\t\t\t\t\t\t\t<a href=\"https:\/\/www.sensei.es\/web\/ahora\/\">\n\t\t\t\t\t\t\t<img decoding=\"async\" width=\"692\" height=\"361\" src=\"https:\/\/www.sensei.es\/web\/wp-content\/uploads\/2022\/01\/Ahora_Sensei.png\" class=\"attachment-large size-large wp-image-3812\" alt=\"ahora sensei\" srcset=\"https:\/\/www.sensei.es\/web\/wp-content\/uploads\/2022\/01\/Ahora_Sensei.png 692w, https:\/\/www.sensei.es\/web\/wp-content\/uploads\/2022\/01\/Ahora_Sensei-300x157.png 300w\" sizes=\"(max-width: 692px) 100vw, 692px\" \/>\t\t\t\t\t\t\t\t<\/a>\n\t\t\t\t\t\t\t\t\t\t\t\t\t<\/div>\n\t\t\t\t<\/div>\n\t\t\t\t<div class=\"elementor-element elementor-element-5d7cc59 elementor-widget elementor-widget-image\" data-id=\"5d7cc59\" data-element_type=\"widget\" data-widget_type=\"image.default\">\n\t\t\t\t<div class=\"elementor-widget-container\">\n\t\t\t\t\t\t\t\t\t\t\t\t\t<img decoding=\"async\" width=\"300\" height=\"300\" src=\"https:\/\/www.sensei.es\/web\/wp-content\/uploads\/2022\/01\/peninsula-1.svg\" class=\"attachment-medium size-medium wp-image-3771\" alt=\"\" \/>\t\t\t\t\t\t\t\t\t\t\t\t\t<\/div>\n\t\t\t\t<\/div>\n\t\t\t\t\t<\/div>\n\t\t<\/div>\n\t\t\t\t\t<\/div>\n\t\t<\/section>\n\t\t\t\t<section class=\"elementor-section elementor-top-section elementor-element elementor-element-376f316a elementor-section-boxed elementor-section-height-default elementor-section-height-default\" data-id=\"376f316a\" data-element_type=\"section\" data-settings=\"{&quot;background_background&quot;:&quot;classic&quot;}\">\n\t\t\t\t\t\t<div class=\"elementor-container elementor-column-gap-default\">\n\t\t\t\t\t<div class=\"elementor-column elementor-col-100 elementor-top-column elementor-element elementor-element-76d03f11\" data-id=\"76d03f11\" data-element_type=\"column\" data-settings=\"{&quot;background_background&quot;:&quot;classic&quot;}\">\n\t\t\t<div class=\"elementor-widget-wrap elementor-element-populated\">\n\t\t\t\t\t\t<div class=\"elementor-element elementor-element-6894752e pp-equal-height-yes pp-posts-thumbnail-ratio elementor-grid-3 elementor-grid-tablet-2 elementor-grid-mobile-1 elementor-widget elementor-widget-pp-posts\" data-id=\"6894752e\" data-element_type=\"widget\" data-settings=\"{&quot;classic_columns&quot;:&quot;3&quot;,&quot;classic_columns_tablet&quot;:&quot;2&quot;,&quot;classic_columns_mobile&quot;:&quot;1&quot;,&quot;classic_slides_to_scroll&quot;:&quot;1&quot;,&quot;classic_slides_to_scroll_tablet&quot;:&quot;1&quot;,&quot;classic_slides_to_scroll_mobile&quot;:&quot;1&quot;,&quot;classic_animation_speed&quot;:600,&quot;classic_arrows&quot;:&quot;yes&quot;,&quot;classic_dots&quot;:&quot;no&quot;,&quot;classic_autoplay&quot;:&quot;yes&quot;,&quot;classic_autoplay_speed&quot;:3000,&quot;classic_pause_on_hover&quot;:&quot;yes&quot;,&quot;classic_infinite_loop&quot;:&quot;yes&quot;,&quot;classic_adaptive_height&quot;:&quot;yes&quot;,&quot;classic_direction&quot;:&quot;left&quot;}\" data-widget_type=\"pp-posts.classic\">\n\t\t\t\t<div class=\"elementor-widget-container\">\n\t\t\t\t\t<div class=\"pp-posts-container swiper-container-wrap swiper swiper-container-wrap-dots-outside\">\n\t\t\t\n\t\t\t\n\t\t\t<div class=\"pp-posts pp-posts-skin-classic pp-posts-carousel pp-swiper-slider swiper-container\" data-equal-height=\"yes\" data-query-type=\"custom\" data-layout=\"carousel\" data-page=\"3843\" data-skin=\"classic\" data-slider-settings=\"{&quot;direction&quot;:&quot;horizontal&quot;,&quot;speed&quot;:600,&quot;slidesPerView&quot;:3,&quot;autoHeight&quot;:true,&quot;watchSlidesVisibility&quot;:true,&quot;centeredSlides&quot;:false,&quot;loop&quot;:true,&quot;autoplay&quot;:{&quot;delay&quot;:3000,&quot;pauseOnHover&quot;:true,&quot;disableOnInteraction&quot;:true},&quot;navigation&quot;:{&quot;nextEl&quot;:&quot;.swiper-button-next-6894752e&quot;,&quot;prevEl&quot;:&quot;.swiper-button-prev-6894752e&quot;},&quot;breakpoints&quot;:{&quot;1025&quot;:{&quot;slidesPerView&quot;:3},&quot;768&quot;:{&quot;slidesPerView&quot;:2},&quot;320&quot;:{&quot;slidesPerView&quot;:1}}}\">\n\t\t\t\t<div class=\"swiper-wrapper\">\t\t\t\t\t\t\t<div class=\"pp-post-wrap pp-carousel-item-wrap swiper-slide post-4394 post type-post status-publish format-standard has-post-thumbnail hentry category-actualidad\">\n\t\t\t\t\t\t<div class=\"pp-post pp-carousel-item\">\n\t\t\t\t\n\t\t\t\t\n\t\t\t\t<div class=\"pp-post-content-wrap\">\n\t\t\t\t\t<div class=\"pp-post-content\">\n\t\t\t\t\t\t\t\t<div class=\"pp-post-thumbnail\">\n\t\t\t<div class=\"pp-post-thumbnail-wrap\">\n\t\t\t\t<a href=\"https:\/\/www.sensei.es\/web\/actualidad\/como-elegir-el-erp-ideal\/\"><img loading=\"lazy\" decoding=\"async\" width=\"300\" height=\"300\" src=\"https:\/\/www.sensei.es\/web\/wp-content\/uploads\/2022\/02\/Como-elegir-el-ERP-ideal-para-tu-empresa-featured-300x300.png\" class=\"attachment-medium size-medium wp-image-4405\" alt=\"C\u00f3mo elegir el ERP ideal para tu empresa featured\" srcset=\"https:\/\/www.sensei.es\/web\/wp-content\/uploads\/2022\/02\/Como-elegir-el-ERP-ideal-para-tu-empresa-featured-300x300.png 300w, https:\/\/www.sensei.es\/web\/wp-content\/uploads\/2022\/02\/Como-elegir-el-ERP-ideal-para-tu-empresa-featured-150x150.png 150w, https:\/\/www.sensei.es\/web\/wp-content\/uploads\/2022\/02\/Como-elegir-el-ERP-ideal-para-tu-empresa-featured.png 600w\" sizes=\"(max-width: 300px) 100vw, 300px\" \/><\/a>\t\t\t<\/div>\n\t\t<\/div>\n\t\t\t\t\t\t\t\t<div class=\"pp-post-meta\">\n\t\t\t\t\t\t\t<\/div>\n\t\t\t\t\t\t\t\t\t<h2 class=\"pp-post-title\">\n\t\t\t\t<a href=\"https:\/\/www.sensei.es\/web\/actualidad\/como-elegir-el-erp-ideal\/\">C\u00f3mo elegir el ERP ideal para tu empresa<\/a>\t\t\t<\/h2>\n\t\t\t\t\t\t\t<div class=\"pp-post-excerpt\">\n\t\t\t<p>C\u00f3mo elegir el ERP ideal para tu empresa Uno de los problemas que solemos tener en nuestra empresa, sobre todo &#8230;<\/p>\n\t\t<\/div>\n\t\t\t\t\t\t\t\t\t<\/div>\n\t\t\t\t\t\t\t\t\t<a class=\"pp-posts-button elementor-button elementor-size-sm\" href=\"https:\/\/www.sensei.es\/web\/actualidad\/como-elegir-el-erp-ideal\/\">\n\t\t\t\t\t\t\t\t\t\t<span class=\"pp-button-text\">\n\t\t\t\t\tLeer m\u00e1s\t\t\t\t<\/span>\n\t\t\t\t\t\t\t\t\t<span class=\"pp-button-icon elementor-button-icon elementor-align-icon-right\">\n\t\t\t\t\t\t\t<\/span>\n\t\t\t\t\t<\/a>\n\t\t\t\t\t\t\t\t<\/div>\n\n\t\t\t\t\t\t\t<\/div>\n\t\t\t\t\t<\/div>\n\t\t\t\t<div class=\"pp-post-wrap pp-carousel-item-wrap swiper-slide post-4418 post type-post status-publish format-standard has-post-thumbnail hentry category-actualidad\">\n\t\t\t\t\t\t<div class=\"pp-post pp-carousel-item\">\n\t\t\t\t\n\t\t\t\t\n\t\t\t\t<div class=\"pp-post-content-wrap\">\n\t\t\t\t\t<div class=\"pp-post-content\">\n\t\t\t\t\t\t\t\t<div class=\"pp-post-thumbnail\">\n\t\t\t<div class=\"pp-post-thumbnail-wrap\">\n\t\t\t\t<a href=\"https:\/\/www.sensei.es\/web\/actualidad\/que-es-kit-digital\/\"><img loading=\"lazy\" decoding=\"async\" width=\"300\" height=\"300\" src=\"https:\/\/www.sensei.es\/web\/wp-content\/uploads\/2022\/02\/Que-es-el-kit-Digital-Featured-300x300.png\" class=\"attachment-medium size-medium wp-image-4420\" alt=\"Que es el kit Digital Featured\" srcset=\"https:\/\/www.sensei.es\/web\/wp-content\/uploads\/2022\/02\/Que-es-el-kit-Digital-Featured-300x300.png 300w, https:\/\/www.sensei.es\/web\/wp-content\/uploads\/2022\/02\/Que-es-el-kit-Digital-Featured-150x150.png 150w, https:\/\/www.sensei.es\/web\/wp-content\/uploads\/2022\/02\/Que-es-el-kit-Digital-Featured.png 600w\" sizes=\"(max-width: 300px) 100vw, 300px\" \/><\/a>\t\t\t<\/div>\n\t\t<\/div>\n\t\t\t\t\t\t\t\t<div class=\"pp-post-meta\">\n\t\t\t\t\t\t\t<\/div>\n\t\t\t\t\t\t\t\t\t<h2 class=\"pp-post-title\">\n\t\t\t\t<a href=\"https:\/\/www.sensei.es\/web\/actualidad\/que-es-kit-digital\/\">\u00bfQU\u00c9 ES KIT DIGITAL?<\/a>\t\t\t<\/h2>\n\t\t\t\t\t\t\t<div class=\"pp-post-excerpt\">\n\t\t\t<p>\u00bfQU\u00c9 ES KIT DIGITAL? El programa Kit Digital se trata de unas ayudas a del Gobierno de Espa\u00f1a pymes y &#8230;<\/p>\n\t\t<\/div>\n\t\t\t\t\t\t\t\t\t<\/div>\n\t\t\t\t\t\t\t\t\t<a class=\"pp-posts-button elementor-button elementor-size-sm\" href=\"https:\/\/www.sensei.es\/web\/actualidad\/que-es-kit-digital\/\">\n\t\t\t\t\t\t\t\t\t\t<span class=\"pp-button-text\">\n\t\t\t\t\tLeer m\u00e1s\t\t\t\t<\/span>\n\t\t\t\t\t\t\t\t\t<span class=\"pp-button-icon elementor-button-icon elementor-align-icon-right\">\n\t\t\t\t\t\t\t<\/span>\n\t\t\t\t\t<\/a>\n\t\t\t\t\t\t\t\t<\/div>\n\n\t\t\t\t\t\t\t<\/div>\n\t\t\t\t\t<\/div>\n\t\t\t\t<div class=\"pp-post-wrap pp-carousel-item-wrap swiper-slide post-2925 post type-post status-publish format-standard has-post-thumbnail hentry category-actualidad\">\n\t\t\t\t\t\t<div class=\"pp-post pp-carousel-item\">\n\t\t\t\t\n\t\t\t\t\n\t\t\t\t<div class=\"pp-post-content-wrap\">\n\t\t\t\t\t<div class=\"pp-post-content\">\n\t\t\t\t\t\t\t\t<div class=\"pp-post-thumbnail\">\n\t\t\t<div class=\"pp-post-thumbnail-wrap\">\n\t\t\t\t<a href=\"https:\/\/www.sensei.es\/web\/actualidad\/funcionalidades-de-los-cuadros-de-mandos\/\"><img loading=\"lazy\" decoding=\"async\" width=\"300\" height=\"300\" src=\"https:\/\/www.sensei.es\/web\/wp-content\/uploads\/2022\/01\/has-oido-hablar-de-un-cuadro-de-mando-y-sus-funcionalidades-300x300.jpg\" class=\"attachment-medium size-medium wp-image-4342\" alt=\"\" srcset=\"https:\/\/www.sensei.es\/web\/wp-content\/uploads\/2022\/01\/has-oido-hablar-de-un-cuadro-de-mando-y-sus-funcionalidades-300x300.jpg 300w, https:\/\/www.sensei.es\/web\/wp-content\/uploads\/2022\/01\/has-oido-hablar-de-un-cuadro-de-mando-y-sus-funcionalidades-150x150.jpg 150w, https:\/\/www.sensei.es\/web\/wp-content\/uploads\/2022\/01\/has-oido-hablar-de-un-cuadro-de-mando-y-sus-funcionalidades.jpg 600w\" sizes=\"(max-width: 300px) 100vw, 300px\" \/><\/a>\t\t\t<\/div>\n\t\t<\/div>\n\t\t\t\t\t\t\t\t<div class=\"pp-post-meta\">\n\t\t\t\t\t\t\t<\/div>\n\t\t\t\t\t\t\t\t\t<h2 class=\"pp-post-title\">\n\t\t\t\t<a href=\"https:\/\/www.sensei.es\/web\/actualidad\/funcionalidades-de-los-cuadros-de-mandos\/\">Cuadro de mando: La clave para tomar decisiones en la empresa<\/a>\t\t\t<\/h2>\n\t\t\t\t\t\t\t<div class=\"pp-post-excerpt\">\n\t\t\t<p>\u00bfHas o\u00eddo hablar de un cuadro de mando y sus funcionalidades? \u00a0 En este art\u00edculo te ense\u00f1amos qu\u00e9 es, para &#8230;<\/p>\n\t\t<\/div>\n\t\t\t\t\t\t\t\t\t<\/div>\n\t\t\t\t\t\t\t\t\t<a class=\"pp-posts-button elementor-button elementor-size-sm\" href=\"https:\/\/www.sensei.es\/web\/actualidad\/funcionalidades-de-los-cuadros-de-mandos\/\">\n\t\t\t\t\t\t\t\t\t\t<span class=\"pp-button-text\">\n\t\t\t\t\tLeer m\u00e1s\t\t\t\t<\/span>\n\t\t\t\t\t\t\t\t\t<span class=\"pp-button-icon elementor-button-icon elementor-align-icon-right\">\n\t\t\t\t\t\t\t<\/span>\n\t\t\t\t\t<\/a>\n\t\t\t\t\t\t\t\t<\/div>\n\n\t\t\t\t\t\t\t<\/div>\n\t\t\t\t\t<\/div>\n\t\t\t\t\t\t<\/div>\t\t\t<\/div>\n\t\t\t\t\t\t\t<div class=\"pp-slider-arrow pp-arrow-prev elementor-swiper-button-prev swiper-button-prev-6894752e\">\n\t\t\t\t\t<i aria-hidden=\"true\" class=\"fas fa-angle-left\"><\/i>\t\t\t\t<\/div>\n\t\t\t\t<div class=\"pp-slider-arrow pp-arrow-next elementor-swiper-button-next swiper-button-next-6894752e\">\n\t\t\t\t\t<i aria-hidden=\"true\" class=\"fas fa-angle-right\"><\/i>\t\t\t\t<\/div>\n\t\t\t\n\t\t\t\n\t\t\t\n\t\t\t\n\t\t\t\t\t<\/div>\n\n\t\t\n\t\t\t\t<\/div>\n\t\t\t\t<\/div>\n\t\t\t\t\t<\/div>\n\t\t<\/div>\n\t\t\t\t\t<\/div>\n\t\t<\/section>\n\t\t\t\t<\/div>\n\t\t","protected":false},"excerpt":{"rendered":"<p>Actualidad Sensei La informaci\u00f3n que necesita tu empresa para ser m\u00e1s eficiente y competitiva C\u00f3mo elegir el ERP ideal para tu empresa C\u00f3mo elegir el ERP ideal para tu empresa Uno de los problemas que solemos tener en nuestra empresa, sobre todo cuando crece, es como aprender a delegar y a conseguir un mayor control [&hellip;]<\/p>\n","protected":false},"author":1,"featured_media":0,"parent":0,"menu_order":0,"comment_status":"closed","ping_status":"closed","template":"elementor_header_footer","meta":{"inline_featured_image":false,"footnotes":""},"class_list":["post-3843","page","type-page","status-publish","hentry"],"_links":{"self":[{"href":"https:\/\/www.sensei.es\/web\/wp-json\/wp\/v2\/pages\/3843","targetHints":{"allow":["GET"]}}],"collection":[{"href":"https:\/\/www.sensei.es\/web\/wp-json\/wp\/v2\/pages"}],"about":[{"href":"https:\/\/www.sensei.es\/web\/wp-json\/wp\/v2\/types\/page"}],"author":[{"embeddable":true,"href":"https:\/\/www.sensei.es\/web\/wp-json\/wp\/v2\/users\/1"}],"replies":[{"embeddable":true,"href":"https:\/\/www.sensei.es\/web\/wp-json\/wp\/v2\/comments?post=3843"}],"version-history":[{"count":55,"href":"https:\/\/www.sensei.es\/web\/wp-json\/wp\/v2\/pages\/3843\/revisions"}],"predecessor-version":[{"id":5315,"href":"https:\/\/www.sensei.es\/web\/wp-json\/wp\/v2\/pages\/3843\/revisions\/5315"}],"wp:attachment":[{"href":"https:\/\/www.sensei.es\/web\/wp-json\/wp\/v2\/media?parent=3843"}],"curies":[{"name":"wp","href":"https:\/\/api.w.org\/{rel}","templated":true}]}}